{"id":1828,"date":"2022-09-05T11:12:37","date_gmt":"2022-09-05T11:12:37","guid":{"rendered":"https:\/\/www.avenue-literie.com\/blog\/?page_id=1828"},"modified":"2022-09-07T13:50:40","modified_gmt":"2022-09-07T13:50:40","slug":"la-description-avenue-literie","status":"publish","type":"page","link":"https:\/\/www.avenue-literie.com\/blog\/la-description-avenue-literie\/","title":{"rendered":"C&rsquo;est quoi le blog Avenue Literie ?"},"content":{"rendered":"<div class=\"wp-block-image\">\n<figure class=\"aligncenter size-full is-resized\"><img decoding=\"async\" src=\"https:\/\/www.avenue-literie.com\/blog\/wp-content\/uploads\/2022\/09\/photos-le-blog-d-avenue-literie-cest-quoi-Copie.png\" alt=\"D\u00e9finition du blog avenue literie\" class=\"wp-image-1831\" width=\"613\" height=\"343\"\/><\/figure>\n<\/div>\n\n\n<div style=\"height:31px\" aria-hidden=\"true\" class=\"wp-block-spacer\"><\/div>\n\n\n\n<p class=\"has-text-align-left\"><strong>Avenue Literie<\/strong>, c\u2019est des conseillers vendeurs passionn\u00e9es par leur m\u00e9tier de conseiller en literie et en accessoires literie en magasin depuis plus de 30 ans aupr\u00e8s de clients particuliers et professionnels (chambre d\u2019h\u00f4tel, gite rural, RnB et h\u00f4tels) . <\/p>\n\n\n\n<h3 class=\"wp-block-heading\"><strong>Quoi trouver sur le blog Avenue Literie ?<\/strong><\/h3>\n\n\n\n<p>Vous trouverez sur notre blog des articles sur la literie pour vous aider, pour vous s\u00e9lectionner, et traiter des sujets sur la literie, le linge de lit, les oreillers, les couettes, les lits, et tout autre article de literie et accessoires literie. Des astuces, des conseils, et des tutos afin de vous apporter les meilleures solutions de confort et de couchage en toute ind\u00e9pendance pour votre sant\u00e9.<\/p>\n\n\n\n<h3 class=\"wp-block-heading\"><strong>La literie c&rsquo;est du s\u00e9rieux !<\/strong><\/h3>\n\n\n\n<p>Vous ne trouverez pas d\u2019articles insistants ou de gadgets technique en literie, juste une extension de notre plate-forme en ligne sans pression et riche en recherches qui a aid\u00e9 plus de 100 000 clients satisfaits \u00e0 trouver leur lit parfait.<\/p>\n\n\n\n<h3 class=\"wp-block-heading\"><strong>Le blog des solutions en literie<\/strong><\/h3>\n\n\n\n<p>Pr\u00eat \u00e0 faire des recherches sur les matelas ?&nbsp;Vous \u00eates au bon endroit !&nbsp;Trouvez des avis d&rsquo;experts en literie sur toutes les marques et mod\u00e8les les plus populaires, des informations sur les matelas, des conseils d&rsquo;achat de matelas, des informations sur les marques de matelas et des conseils sur le sommeil.<\/p>\n\n\n\n<p>Bonne lecture !<\/p>\n","protected":false},"excerpt":{"rendered":"<p>Avenue Literie, c\u2019est des conseillers vendeurs passionn\u00e9es par leur m\u00e9tier de conseiller en literie et en accessoires literie en magasin depuis plus de 30 ans aupr\u00e8s de clients particuliers et professionnels (chambre d\u2019h\u00f4tel, gite rural, RnB et h\u00f4tels) . Quoi trouver sur le blog Avenue Literie ? Vous trouverez sur notre blog des articles sur &hellip; <\/p>\n<p class=\"link-more\"><a href=\"https:\/\/www.avenue-literie.com\/blog\/la-description-avenue-literie\/\" class=\"more-link\">Continuer la lecture<span class=\"screen-reader-text\"> de &laquo;&nbsp;C&rsquo;est quoi le blog Avenue Literie ?&nbsp;&raquo;<\/span><\/a><\/p>\n","protected":false},"author":2,"featured_media":0,"parent":0,"menu_order":0,"comment_status":"closed","ping_status":"closed","template":"","meta":{"footnotes":""},"class_list":["post-1828","page","type-page","status-publish","hentry"],"yoast_head":"<!-- This site is optimized with the Yoast SEO plugin v27.4 - https:\/\/yoast.com\/product\/yoast-seo-wordpress\/ -->\n<title>C&#039;est quoi le blog Avenue Literie ? - Le Blog Avenue Literie<\/title>\n<meta name=\"description\" content=\"Conseils et astuces en literie : Le blog Avenue Literie y r\u00e9pond !\" \/>\n<meta name=\"robots\" content=\"index, follow, max-snippet:-1, max-image-preview:large, max-video-preview:-1\" \/>\n<link rel=\"canonical\" href=\"https:\/\/www.avenue-literie.com\/blog\/la-description-avenue-literie\/\" \/>\n<meta property=\"og:locale\" content=\"fr_FR\" \/>\n<meta property=\"og:type\" content=\"article\" \/>\n<meta property=\"og:title\" content=\"La role du blog de Avenue Literie\" \/>\n<meta property=\"og:description\" content=\"Le blog de Avenue Literie c&#039;est des conseils et des astuces pour la literie et les accessoires literie\" \/>\n<meta property=\"og:url\" content=\"https:\/\/www.avenue-literie.com\/blog\/la-description-avenue-literie\/\" \/>\n<meta property=\"og:site_name\" content=\"Le Blog Avenue Literie\" \/>\n<meta property=\"article:publisher\" content=\"https:\/\/www.facebook.com\/AvenueLiterieTroyes\/\" \/>\n<meta property=\"article:modified_time\" content=\"2022-09-07T13:50:40+00:00\" \/>\n<meta property=\"og:image\" content=\"https:\/\/www.avenue-literie.com\/blog\/wp-content\/uploads\/2022\/09\/photos-le-blog-d-avenue-literie-cest-quoi-Copie.png\" \/>\n\t<meta property=\"og:image:width\" content=\"900\" \/>\n\t<meta property=\"og:image:height\" content=\"506\" \/>\n\t<meta property=\"og:image:type\" content=\"image\/png\" \/>\n<meta name=\"twitter:card\" content=\"summary_large_image\" \/>\n<meta name=\"twitter:title\" content=\"La description du blog Avenue Literie\" \/>\n<meta name=\"twitter:description\" content=\"C est des consiels et des astuces en literie\" \/>\n<meta name=\"twitter:image\" content=\"https:\/\/www.avenue-literie.com\/blog\/wp-content\/uploads\/2022\/09\/photos-le-blog-d-avenue-literie-cest-quoi-Copie.png\" \/>\n<meta name=\"twitter:site\" content=\"@avenue_literie\" \/>\n<meta name=\"twitter:label1\" content=\"Dur\u00e9e de lecture estim\u00e9e\" \/>\n\t<meta name=\"twitter:data1\" content=\"1 minute\" \/>\n<script type=\"application\/ld+json\" class=\"yoast-schema-graph\">{\"@context\":\"https:\\\/\\\/schema.org\",\"@graph\":[{\"@type\":[\"Article\",\"BlogPosting\"],\"@id\":\"https:\\\/\\\/www.avenue-literie.com\\\/blog\\\/la-description-avenue-literie\\\/#article\",\"isPartOf\":{\"@id\":\"https:\\\/\\\/www.avenue-literie.com\\\/blog\\\/la-description-avenue-literie\\\/\"},\"author\":{\"name\":\"J\u00e9r\u00f4me\",\"@id\":\"https:\\\/\\\/www.avenue-literie.com\\\/blog\\\/#\\\/schema\\\/person\\\/add6301bb28276c53d992ec5ef2f17ae\"},\"headline\":\"C&rsquo;est quoi le blog Avenue Literie ?\",\"datePublished\":\"2022-09-05T11:12:37+00:00\",\"dateModified\":\"2022-09-07T13:50:40+00:00\",\"mainEntityOfPage\":{\"@id\":\"https:\\\/\\\/www.avenue-literie.com\\\/blog\\\/la-description-avenue-literie\\\/\"},\"wordCount\":232,\"publisher\":{\"@id\":\"https:\\\/\\\/www.avenue-literie.com\\\/blog\\\/#organization\"},\"image\":{\"@id\":\"https:\\\/\\\/www.avenue-literie.com\\\/blog\\\/la-description-avenue-literie\\\/#primaryimage\"},\"thumbnailUrl\":\"https:\\\/\\\/www.avenue-literie.com\\\/blog\\\/wp-content\\\/uploads\\\/2022\\\/09\\\/photos-le-blog-d-avenue-literie-cest-quoi-Copie.png\",\"inLanguage\":\"fr-FR\"},{\"@type\":\"WebPage\",\"@id\":\"https:\\\/\\\/www.avenue-literie.com\\\/blog\\\/la-description-avenue-literie\\\/\",\"url\":\"https:\\\/\\\/www.avenue-literie.com\\\/blog\\\/la-description-avenue-literie\\\/\",\"name\":\"C'est quoi le blog Avenue Literie ? - Le Blog Avenue Literie\",\"isPartOf\":{\"@id\":\"https:\\\/\\\/www.avenue-literie.com\\\/blog\\\/#website\"},\"primaryImageOfPage\":{\"@id\":\"https:\\\/\\\/www.avenue-literie.com\\\/blog\\\/la-description-avenue-literie\\\/#primaryimage\"},\"image\":{\"@id\":\"https:\\\/\\\/www.avenue-literie.com\\\/blog\\\/la-description-avenue-literie\\\/#primaryimage\"},\"thumbnailUrl\":\"https:\\\/\\\/www.avenue-literie.com\\\/blog\\\/wp-content\\\/uploads\\\/2022\\\/09\\\/photos-le-blog-d-avenue-literie-cest-quoi-Copie.png\",\"datePublished\":\"2022-09-05T11:12:37+00:00\",\"dateModified\":\"2022-09-07T13:50:40+00:00\",\"description\":\"Conseils et astuces en literie : Le blog Avenue Literie y r\u00e9pond !\",\"breadcrumb\":{\"@id\":\"https:\\\/\\\/www.avenue-literie.com\\\/blog\\\/la-description-avenue-literie\\\/#breadcrumb\"},\"inLanguage\":\"fr-FR\",\"potentialAction\":[{\"@type\":\"ReadAction\",\"target\":[\"https:\\\/\\\/www.avenue-literie.com\\\/blog\\\/la-description-avenue-literie\\\/\"]}]},{\"@type\":\"ImageObject\",\"inLanguage\":\"fr-FR\",\"@id\":\"https:\\\/\\\/www.avenue-literie.com\\\/blog\\\/la-description-avenue-literie\\\/#primaryimage\",\"url\":\"https:\\\/\\\/www.avenue-literie.com\\\/blog\\\/wp-content\\\/uploads\\\/2022\\\/09\\\/photos-le-blog-d-avenue-literie-cest-quoi-Copie.png\",\"contentUrl\":\"https:\\\/\\\/www.avenue-literie.com\\\/blog\\\/wp-content\\\/uploads\\\/2022\\\/09\\\/photos-le-blog-d-avenue-literie-cest-quoi-Copie.png\",\"width\":900,\"height\":506,\"caption\":\"Description du blog de avenue literie\"},{\"@type\":\"BreadcrumbList\",\"@id\":\"https:\\\/\\\/www.avenue-literie.com\\\/blog\\\/la-description-avenue-literie\\\/#breadcrumb\",\"itemListElement\":[{\"@type\":\"ListItem\",\"position\":1,\"name\":\"Home\",\"item\":\"https:\\\/\\\/www.avenue-literie.com\\\/blog\\\/\"},{\"@type\":\"ListItem\",\"position\":2,\"name\":\"C&#8217;est quoi le blog Avenue Literie ?\"}]},{\"@type\":\"WebSite\",\"@id\":\"https:\\\/\\\/www.avenue-literie.com\\\/blog\\\/#website\",\"url\":\"https:\\\/\\\/www.avenue-literie.com\\\/blog\\\/\",\"name\":\"Le Blog Avenue Literie\",\"description\":\"Le blog du conseil en literie\",\"publisher\":{\"@id\":\"https:\\\/\\\/www.avenue-literie.com\\\/blog\\\/#organization\"},\"potentialAction\":[{\"@type\":\"SearchAction\",\"target\":{\"@type\":\"EntryPoint\",\"urlTemplate\":\"https:\\\/\\\/www.avenue-literie.com\\\/blog\\\/?s={search_term_string}\"},\"query-input\":{\"@type\":\"PropertyValueSpecification\",\"valueRequired\":true,\"valueName\":\"search_term_string\"}}],\"inLanguage\":\"fr-FR\"},{\"@type\":\"Organization\",\"@id\":\"https:\\\/\\\/www.avenue-literie.com\\\/blog\\\/#organization\",\"name\":\"Le blog Avenue Literie\",\"alternateName\":\"Le blog Avenue Literie\",\"url\":\"https:\\\/\\\/www.avenue-literie.com\\\/blog\\\/\",\"logo\":{\"@type\":\"ImageObject\",\"inLanguage\":\"fr-FR\",\"@id\":\"https:\\\/\\\/www.avenue-literie.com\\\/blog\\\/#\\\/schema\\\/logo\\\/image\\\/\",\"url\":\"https:\\\/\\\/www.avenue-literie.com\\\/blog\\\/wp-content\\\/uploads\\\/2022\\\/04\\\/cropped-Gros-logo-avenue-literie-sans-arriere-fond-blanc.png\",\"contentUrl\":\"https:\\\/\\\/www.avenue-literie.com\\\/blog\\\/wp-content\\\/uploads\\\/2022\\\/04\\\/cropped-Gros-logo-avenue-literie-sans-arriere-fond-blanc.png\",\"width\":1479,\"height\":250,\"caption\":\"Le blog Avenue Literie\"},\"image\":{\"@id\":\"https:\\\/\\\/www.avenue-literie.com\\\/blog\\\/#\\\/schema\\\/logo\\\/image\\\/\"},\"sameAs\":[\"https:\\\/\\\/www.facebook.com\\\/AvenueLiterieTroyes\\\/\",\"https:\\\/\\\/x.com\\\/avenue_literie\",\"https:\\\/\\\/www.instagram.com\\\/avenueliterie\\\/\",\"https:\\\/\\\/www.pinterest.fr\\\/avenueliterie\\\/\"]},{\"@type\":\"Person\",\"@id\":\"https:\\\/\\\/www.avenue-literie.com\\\/blog\\\/#\\\/schema\\\/person\\\/add6301bb28276c53d992ec5ef2f17ae\",\"name\":\"J\u00e9r\u00f4me\",\"image\":{\"@type\":\"ImageObject\",\"inLanguage\":\"fr-FR\",\"@id\":\"https:\\\/\\\/secure.gravatar.com\\\/avatar\\\/2e39bb7b624068c575f434373fc1440c1bd421d6e1bdd21a14a529cbff8f1fed?s=96&d=mm&r=g\",\"url\":\"https:\\\/\\\/secure.gravatar.com\\\/avatar\\\/2e39bb7b624068c575f434373fc1440c1bd421d6e1bdd21a14a529cbff8f1fed?s=96&d=mm&r=g\",\"contentUrl\":\"https:\\\/\\\/secure.gravatar.com\\\/avatar\\\/2e39bb7b624068c575f434373fc1440c1bd421d6e1bdd21a14a529cbff8f1fed?s=96&d=mm&r=g\",\"caption\":\"J\u00e9r\u00f4me\"},\"url\":\"https:\\\/\\\/www.avenue-literie.com\\\/blog\\\/author\\\/jerome\\\/\"}]}<\/script>\n<!-- \/ Yoast SEO plugin. -->","yoast_head_json":{"title":"C'est quoi le blog Avenue Literie ? - Le Blog Avenue Literie","description":"Conseils et astuces en literie : Le blog Avenue Literie y r\u00e9pond !","robots":{"index":"index","follow":"follow","max-snippet":"max-snippet:-1","max-image-preview":"max-image-preview:large","max-video-preview":"max-video-preview:-1"},"canonical":"https:\/\/www.avenue-literie.com\/blog\/la-description-avenue-literie\/","og_locale":"fr_FR","og_type":"article","og_title":"La role du blog de Avenue Literie","og_description":"Le blog de Avenue Literie c'est des conseils et des astuces pour la literie et les accessoires literie","og_url":"https:\/\/www.avenue-literie.com\/blog\/la-description-avenue-literie\/","og_site_name":"Le Blog Avenue Literie","article_publisher":"https:\/\/www.facebook.com\/AvenueLiterieTroyes\/","article_modified_time":"2022-09-07T13:50:40+00:00","og_image":[{"width":900,"height":506,"url":"https:\/\/www.avenue-literie.com\/blog\/wp-content\/uploads\/2022\/09\/photos-le-blog-d-avenue-literie-cest-quoi-Copie.png","type":"image\/png"}],"twitter_card":"summary_large_image","twitter_title":"La description du blog Avenue Literie","twitter_description":"C est des consiels et des astuces en literie","twitter_image":"https:\/\/www.avenue-literie.com\/blog\/wp-content\/uploads\/2022\/09\/photos-le-blog-d-avenue-literie-cest-quoi-Copie.png","twitter_site":"@avenue_literie","twitter_misc":{"Dur\u00e9e de lecture estim\u00e9e":"1 minute"},"schema":{"@context":"https:\/\/schema.org","@graph":[{"@type":["Article","BlogPosting"],"@id":"https:\/\/www.avenue-literie.com\/blog\/la-description-avenue-literie\/#article","isPartOf":{"@id":"https:\/\/www.avenue-literie.com\/blog\/la-description-avenue-literie\/"},"author":{"name":"J\u00e9r\u00f4me","@id":"https:\/\/www.avenue-literie.com\/blog\/#\/schema\/person\/add6301bb28276c53d992ec5ef2f17ae"},"headline":"C&rsquo;est quoi le blog Avenue Literie ?","datePublished":"2022-09-05T11:12:37+00:00","dateModified":"2022-09-07T13:50:40+00:00","mainEntityOfPage":{"@id":"https:\/\/www.avenue-literie.com\/blog\/la-description-avenue-literie\/"},"wordCount":232,"publisher":{"@id":"https:\/\/www.avenue-literie.com\/blog\/#organization"},"image":{"@id":"https:\/\/www.avenue-literie.com\/blog\/la-description-avenue-literie\/#primaryimage"},"thumbnailUrl":"https:\/\/www.avenue-literie.com\/blog\/wp-content\/uploads\/2022\/09\/photos-le-blog-d-avenue-literie-cest-quoi-Copie.png","inLanguage":"fr-FR"},{"@type":"WebPage","@id":"https:\/\/www.avenue-literie.com\/blog\/la-description-avenue-literie\/","url":"https:\/\/www.avenue-literie.com\/blog\/la-description-avenue-literie\/","name":"C'est quoi le blog Avenue Literie ? - Le Blog Avenue Literie","isPartOf":{"@id":"https:\/\/www.avenue-literie.com\/blog\/#website"},"primaryImageOfPage":{"@id":"https:\/\/www.avenue-literie.com\/blog\/la-description-avenue-literie\/#primaryimage"},"image":{"@id":"https:\/\/www.avenue-literie.com\/blog\/la-description-avenue-literie\/#primaryimage"},"thumbnailUrl":"https:\/\/www.avenue-literie.com\/blog\/wp-content\/uploads\/2022\/09\/photos-le-blog-d-avenue-literie-cest-quoi-Copie.png","datePublished":"2022-09-05T11:12:37+00:00","dateModified":"2022-09-07T13:50:40+00:00","description":"Conseils et astuces en literie : Le blog Avenue Literie y r\u00e9pond !","breadcrumb":{"@id":"https:\/\/www.avenue-literie.com\/blog\/la-description-avenue-literie\/#breadcrumb"},"inLanguage":"fr-FR","potentialAction":[{"@type":"ReadAction","target":["https:\/\/www.avenue-literie.com\/blog\/la-description-avenue-literie\/"]}]},{"@type":"ImageObject","inLanguage":"fr-FR","@id":"https:\/\/www.avenue-literie.com\/blog\/la-description-avenue-literie\/#primaryimage","url":"https:\/\/www.avenue-literie.com\/blog\/wp-content\/uploads\/2022\/09\/photos-le-blog-d-avenue-literie-cest-quoi-Copie.png","contentUrl":"https:\/\/www.avenue-literie.com\/blog\/wp-content\/uploads\/2022\/09\/photos-le-blog-d-avenue-literie-cest-quoi-Copie.png","width":900,"height":506,"caption":"Description du blog de avenue literie"},{"@type":"BreadcrumbList","@id":"https:\/\/www.avenue-literie.com\/blog\/la-description-avenue-literie\/#breadcrumb","itemListElement":[{"@type":"ListItem","position":1,"name":"Home","item":"https:\/\/www.avenue-literie.com\/blog\/"},{"@type":"ListItem","position":2,"name":"C&#8217;est quoi le blog Avenue Literie ?"}]},{"@type":"WebSite","@id":"https:\/\/www.avenue-literie.com\/blog\/#website","url":"https:\/\/www.avenue-literie.com\/blog\/","name":"Le Blog Avenue Literie","description":"Le blog du conseil en literie","publisher":{"@id":"https:\/\/www.avenue-literie.com\/blog\/#organization"},"potentialAction":[{"@type":"SearchAction","target":{"@type":"EntryPoint","urlTemplate":"https:\/\/www.avenue-literie.com\/blog\/?s={search_term_string}"},"query-input":{"@type":"PropertyValueSpecification","valueRequired":true,"valueName":"search_term_string"}}],"inLanguage":"fr-FR"},{"@type":"Organization","@id":"https:\/\/www.avenue-literie.com\/blog\/#organization","name":"Le blog Avenue Literie","alternateName":"Le blog Avenue Literie","url":"https:\/\/www.avenue-literie.com\/blog\/","logo":{"@type":"ImageObject","inLanguage":"fr-FR","@id":"https:\/\/www.avenue-literie.com\/blog\/#\/schema\/logo\/image\/","url":"https:\/\/www.avenue-literie.com\/blog\/wp-content\/uploads\/2022\/04\/cropped-Gros-logo-avenue-literie-sans-arriere-fond-blanc.png","contentUrl":"https:\/\/www.avenue-literie.com\/blog\/wp-content\/uploads\/2022\/04\/cropped-Gros-logo-avenue-literie-sans-arriere-fond-blanc.png","width":1479,"height":250,"caption":"Le blog Avenue Literie"},"image":{"@id":"https:\/\/www.avenue-literie.com\/blog\/#\/schema\/logo\/image\/"},"sameAs":["https:\/\/www.facebook.com\/AvenueLiterieTroyes\/","https:\/\/x.com\/avenue_literie","https:\/\/www.instagram.com\/avenueliterie\/","https:\/\/www.pinterest.fr\/avenueliterie\/"]},{"@type":"Person","@id":"https:\/\/www.avenue-literie.com\/blog\/#\/schema\/person\/add6301bb28276c53d992ec5ef2f17ae","name":"J\u00e9r\u00f4me","image":{"@type":"ImageObject","inLanguage":"fr-FR","@id":"https:\/\/secure.gravatar.com\/avatar\/2e39bb7b624068c575f434373fc1440c1bd421d6e1bdd21a14a529cbff8f1fed?s=96&d=mm&r=g","url":"https:\/\/secure.gravatar.com\/avatar\/2e39bb7b624068c575f434373fc1440c1bd421d6e1bdd21a14a529cbff8f1fed?s=96&d=mm&r=g","contentUrl":"https:\/\/secure.gravatar.com\/avatar\/2e39bb7b624068c575f434373fc1440c1bd421d6e1bdd21a14a529cbff8f1fed?s=96&d=mm&r=g","caption":"J\u00e9r\u00f4me"},"url":"https:\/\/www.avenue-literie.com\/blog\/author\/jerome\/"}]}},"_links":{"self":[{"href":"https:\/\/www.avenue-literie.com\/blog\/wp-json\/wp\/v2\/pages\/1828","targetHints":{"allow":["GET"]}}],"collection":[{"href":"https:\/\/www.avenue-literie.com\/blog\/wp-json\/wp\/v2\/pages"}],"about":[{"href":"https:\/\/www.avenue-literie.com\/blog\/wp-json\/wp\/v2\/types\/page"}],"author":[{"embeddable":true,"href":"https:\/\/www.avenue-literie.com\/blog\/wp-json\/wp\/v2\/users\/2"}],"replies":[{"embeddable":true,"href":"https:\/\/www.avenue-literie.com\/blog\/wp-json\/wp\/v2\/comments?post=1828"}],"version-history":[{"count":38,"href":"https:\/\/www.avenue-literie.com\/blog\/wp-json\/wp\/v2\/pages\/1828\/revisions"}],"predecessor-version":[{"id":2671,"href":"https:\/\/www.avenue-literie.com\/blog\/wp-json\/wp\/v2\/pages\/1828\/revisions\/2671"}],"wp:attachment":[{"href":"https:\/\/www.avenue-literie.com\/blog\/wp-json\/wp\/v2\/media?parent=1828"}],"curies":[{"name":"wp","href":"https:\/\/api.w.org\/{rel}","templated":true}]}}